{"id":804,"date":"2026-04-21T13:32:52","date_gmt":"2026-04-21T11:32:52","guid":{"rendered":"https:\/\/auto-verkaufen-einfach.de\/shop\/widerrufsbelehrung\/"},"modified":"2026-04-22T12:30:46","modified_gmt":"2026-04-22T10:30:46","slug":"widerrufsbelehrung","status":"publish","type":"page","link":"https:\/\/auto-verkaufen-einfach.de\/shop\/widerrufsbelehrung\/","title":{"rendered":"Widerrufsbelehrung"},"content":{"rendered":"\t\t<div data-elementor-type=\"wp-page\" data-elementor-id=\"804\" class=\"elementor elementor-804\" data-elementor-post-type=\"page\">\n\t\t\t\t\t\t<div class=\"elementor-element elementor-element-8081d8c e-con e-atomic-element e-div-block-base DUP_banner-container DUP_main-container e-8081d8c-e4a054c\" data-id=\"8081d8c\" data-element_type=\"e-div-block\" data-e-type=\"e-div-block\" data-interaction-id=\"8081d8c\" data-e-type=\"e-div-block\" data-id=\"8081d8c\" >\n\t\t<div class=\"elementor-element elementor-element-83ac7e2 e-con-full e-flex e-con e-parent\" data-id=\"83ac7e2\" data-element_type=\"container\" data-e-type=\"container\">\n\t\t\t\t<div class=\"elementor-element elementor-element-5850ee3 e-con e-atomic-element e-flexbox-base e-5850ee3-615ef3c\" data-id=\"5850ee3\" data-element_type=\"e-flexbox\" data-e-type=\"e-flexbox\" data-interaction-id=\"5850ee3\" data-e-type=\"e-flexbox\" data-id=\"5850ee3\">\n\t\t\t\t<div class=\"elementor-element elementor-element-f8e761f elementor-align-center elementor-icon-list--layout-traditional elementor-list-item-link-full_width elementor-widget elementor-widget-icon-list\" data-id=\"f8e761f\" data-element_type=\"widget\" data-e-type=\"widget\" data-widget_type=\"icon-list.default\">\n\t\t\t\t\t\t\t<ul class=\"elementor-icon-list-items\">\n\t\t\t\t\t\t\t<li class=\"elementor-icon-list-item\">\n\t\t\t\t\t\t\t\t\t\t<span class=\"elementor-icon-list-text\">WIDERRUFSRECHT<\/span>\n\t\t\t\t\t\t\t\t\t<\/li>\n\t\t\t\t\t\t<\/ul>\n\t\t\t\t\t\t<\/div>\n\t\t\t\t<div class=\"elementor-element elementor-element-d4d335f elementor-widget__width-initial elementor-widget elementor-widget-text-editor\" data-id=\"d4d335f\" data-element_type=\"widget\" data-e-type=\"widget\" data-widget_type=\"text-editor.default\">\n\t\t\t\t\t\t\t\t\t<p>Sie haben das Recht, binnen vierzehn Tagen ohne Angabe von Gr\u00fcnden diesen Vertrag zu widerrufen.<\/p><p>Die Widerrufsfrist betr\u00e4gt vierzehn Tage ab dem Tag, an dem Sie oder eine von Ihnen benannte Person, die nicht der Bef\u00f6rderer ist, die Ware erhalten haben.<\/p><p>Um Ihr Widerrufsrecht auszu\u00fcben, m\u00fcssen Sie uns (Auto-Verkaufen-Einfach.de, Inhaber: Erdal Karakaya, Annenheider Str. 154c, 27755 Delmenhorst, E-Mail: <a href=\"mailto:info@auto-verkaufen-einfach.de\">info@auto-verkaufen-einfach.de<\/a>) mittels einer eindeutigen Erkl\u00e4rung (z. B. per E-Mail oder Brief) \u00fcber Ihren Entschluss informieren.<\/p><p>Zur Wahrung der Frist gen\u00fcgt es, dass Sie die Mitteilung \u00fcber die Aus\u00fcbung des Widerrufsrechts vor Ablauf der Frist absenden.<\/p>\t\t\t\t\t\t\t\t<\/div>\n\t\t\t\t<\/div>\n\t\t\t\t<div class=\"elementor-element elementor-element-b392200 e-con e-atomic-element e-flexbox-base e-b392200-3cef104\" data-id=\"b392200\" data-element_type=\"e-flexbox\" data-e-type=\"e-flexbox\" data-interaction-id=\"b392200\" data-e-type=\"e-flexbox\" data-id=\"b392200\">\n\t\t\t\t<div class=\"elementor-element elementor-element-c706d9d elementor-align-center elementor-icon-list--layout-traditional elementor-list-item-link-full_width elementor-widget elementor-widget-icon-list\" data-id=\"c706d9d\" data-element_type=\"widget\" data-e-type=\"widget\" data-widget_type=\"icon-list.default\">\n\t\t\t\t\t\t\t<ul class=\"elementor-icon-list-items\">\n\t\t\t\t\t\t\t<li class=\"elementor-icon-list-item\">\n\t\t\t\t\t\t\t\t\t\t<span class=\"elementor-icon-list-text\">FOLGEN DES WIDERRUFS<\/span>\n\t\t\t\t\t\t\t\t\t<\/li>\n\t\t\t\t\t\t<\/ul>\n\t\t\t\t\t\t<\/div>\n\t\t\t\t<div class=\"elementor-element elementor-element-e742317 elementor-widget__width-initial elementor-widget elementor-widget-text-editor\" data-id=\"e742317\" data-element_type=\"widget\" data-e-type=\"widget\" data-widget_type=\"text-editor.default\">\n\t\t\t\t\t\t\t\t\t<p>Wenn Sie diesen Vertrag widerrufen, erstatten wir Ihnen alle Zahlungen, die wir von Ihnen erhalten haben, einschlie\u00dflich der Lieferkosten (mit Ausnahme zus\u00e4tzlicher Kosten, die sich aus einer von Ihnen gew\u00e4hlten, abweichenden Versandart ergeben), unverz\u00fcglich und sp\u00e4testens innerhalb von vierzehn Tagen ab Eingang Ihres Widerrufs.<\/p><p>Die R\u00fcckzahlung erfolgt \u00fcber dasselbe Zahlungsmittel, das Sie bei der urspr\u00fcnglichen Zahlung verwendet haben, sofern nichts anderes vereinbart wurde.<\/p><p>Wir behalten uns vor, die R\u00fcckzahlung zu verweigern, bis wir die Ware zur\u00fcckerhalten haben oder Sie den Nachweis \u00fcber die R\u00fccksendung erbracht haben \u2013 je nachdem, welches Ereignis zuerst eintritt.<\/p><p>Sie sind verpflichtet, die Ware innerhalb von vierzehn Tagen nach Erkl\u00e4rung des Widerrufs an uns zur\u00fcckzusenden. Die Frist ist gewahrt, wenn Sie die Ware vor Ablauf der Frist absenden.<\/p><p>Die Kosten der R\u00fccksendung tragen Sie.<\/p><p>Ein m\u00f6glicher Wertverlust der Ware ist von Ihnen nur zu tragen, wenn dieser auf einen Umgang zur\u00fcckzuf\u00fchren ist, der \u00fcber die Pr\u00fcfung von Beschaffenheit, Eigenschaften und Funktionsweise hinausgeht.<\/p>\t\t\t\t\t\t\t\t<\/div>\n\t\t\t\t<\/div>\n\t\t\t\t<div class=\"elementor-element elementor-element-3d4d562 e-con e-atomic-element e-flexbox-base e-3d4d562-38e3f39\" data-id=\"3d4d562\" data-element_type=\"e-flexbox\" data-e-type=\"e-flexbox\" data-interaction-id=\"3d4d562\" data-e-type=\"e-flexbox\" data-id=\"3d4d562\">\n\t\t\t\t<div class=\"elementor-element elementor-element-8d290f7 elementor-align-center elementor-icon-list--layout-traditional elementor-list-item-link-full_width elementor-widget elementor-widget-icon-list\" data-id=\"8d290f7\" data-element_type=\"widget\" data-e-type=\"widget\" data-widget_type=\"icon-list.default\">\n\t\t\t\t\t\t\t<ul class=\"elementor-icon-list-items\">\n\t\t\t\t\t\t\t<li class=\"elementor-icon-list-item\">\n\t\t\t\t\t\t\t\t\t\t<span class=\"elementor-icon-list-text\">BESONDERER HINWEIS ZUM GEWINNSPIEL<\/span>\n\t\t\t\t\t\t\t\t\t<\/li>\n\t\t\t\t\t\t<\/ul>\n\t\t\t\t\t\t<\/div>\n\t\t\t\t<div class=\"elementor-element elementor-element-820cdd6 elementor-widget__width-initial elementor-widget elementor-widget-text-editor\" data-id=\"820cdd6\" data-element_type=\"widget\" data-e-type=\"widget\" data-widget_type=\"text-editor.default\">\n\t\t\t\t\t\t\t\t\t<p>Mit dem Kauf eines Produkts ist die Teilnahme an einem Gewinnspiel verbunden.<\/p><p>Die Teilnahme setzt einen wirksamen und nicht widerrufenen Kaufvertrag voraus.<\/p><p>Im Falle eines Widerrufs entf\u00e4llt die mit dem Kauf verbundene Teilnahme am Gewinnspiel vollst\u00e4ndig.<\/p><p>Das bedeutet:<\/p>\t\t\t\t\t\t\t\t<\/div>\n\t\t\t\t<div class=\"elementor-element elementor-element-70ece10 elementor-widget elementor-widget-text-editor\" data-id=\"70ece10\" data-element_type=\"widget\" data-e-type=\"widget\" data-widget_type=\"text-editor.default\">\n\t\t\t\t\t\t\t\t\t<ul><li>Die Teilnahme wird gel\u00f6scht<\/li><li>Eine Ber\u00fccksichtigung bei einer Auslosung erfolgt nicht<\/li><li>Es besteht kein Anspruch auf Teilnahme oder Gewinn<\/li><\/ul>\t\t\t\t\t\t\t\t<\/div>\n\t\t\t\t<div class=\"elementor-element elementor-element-65ce670 elementor-widget__width-initial elementor-widget elementor-widget-text-editor\" data-id=\"65ce670\" data-element_type=\"widget\" data-e-type=\"widget\" data-widget_type=\"text-editor.default\">\n\t\t\t\t\t\t\t\t\t<p>Sollte zum Zeitpunkt des Widerrufs bereits eine Auslosung erfolgt sein, entf\u00e4llt ein etwaiger Anspruch auf den Gewinn ebenfalls.<\/p><p>Eine Teilnahme am Gewinnspiel ist ausschlie\u00dflich mit einem wirksamen und nicht widerrufenen Kauf m\u00f6glich.<\/p>\t\t\t\t\t\t\t\t<\/div>\n\t\t\t\t<\/div>\n\t\t\t\t<\/div>\n\t\t\t\t<\/div>\n\t\t\t\t<\/div>\n\t\t","protected":false},"excerpt":{"rendered":"<p>WIDERRUFSRECHT Sie haben das Recht, binnen vierzehn Tagen ohne Angabe von Gr\u00fcnden diesen Vertrag zu widerrufen. Die Widerrufsfrist betr\u00e4gt vierzehn Tage ab dem Tag, an dem Sie oder eine von Ihnen benannte Person, die nicht der Bef\u00f6rderer ist, die Ware erhalten haben. Um Ihr Widerrufsrecht auszu\u00fcben, m\u00fcssen Sie uns (Auto-Verkaufen-Einfach.de, Inhaber: Erdal Karakaya, Annenheider Str. [&hellip;]<\/p>\n","protected":false},"author":1,"featured_media":0,"parent":0,"menu_order":0,"comment_status":"closed","ping_status":"closed","template":"","meta":{"footnotes":""},"class_list":["post-804","page","type-page","status-publish","hentry"],"_links":{"self":[{"href":"https:\/\/auto-verkaufen-einfach.de\/shop\/wp-json\/wp\/v2\/pages\/804","targetHints":{"allow":["GET"]}}],"collection":[{"href":"https:\/\/auto-verkaufen-einfach.de\/shop\/wp-json\/wp\/v2\/pages"}],"about":[{"href":"https:\/\/auto-verkaufen-einfach.de\/shop\/wp-json\/wp\/v2\/types\/page"}],"author":[{"embeddable":true,"href":"https:\/\/auto-verkaufen-einfach.de\/shop\/wp-json\/wp\/v2\/users\/1"}],"replies":[{"embeddable":true,"href":"https:\/\/auto-verkaufen-einfach.de\/shop\/wp-json\/wp\/v2\/comments?post=804"}],"version-history":[{"count":0,"href":"https:\/\/auto-verkaufen-einfach.de\/shop\/wp-json\/wp\/v2\/pages\/804\/revisions"}],"wp:attachment":[{"href":"https:\/\/auto-verkaufen-einfach.de\/shop\/wp-json\/wp\/v2\/media?parent=804"}],"curies":[{"name":"wp","href":"https:\/\/api.w.org\/{rel}","templated":true}]}}