{"id":13,"date":"2026-04-04T10:56:24","date_gmt":"2026-04-04T10:56:24","guid":{"rendered":"https:\/\/auto-verkaufen-einfach.de\/shop\/?page_id=13"},"modified":"2026-04-28T20:16:52","modified_gmt":"2026-04-28T18:16:52","slug":"checkout","status":"publish","type":"page","link":"https:\/\/auto-verkaufen-einfach.de\/shop\/checkout\/","title":{"rendered":"Checkout"},"content":{"rendered":"\t\t<div data-elementor-type=\"wp-page\" data-elementor-id=\"13\" class=\"elementor elementor-13\" data-elementor-post-type=\"page\">\n\t\t\t\t\t\t<div class=\"elementor-element elementor-element-f92a3e6 e-con e-atomic-element e-div-block-base DUP_banner-container DUP_main-container e-731fca8-6941e1f\" data-id=\"f92a3e6\" data-element_type=\"e-div-block\" data-e-type=\"e-div-block\" data-interaction-id=\"f92a3e6\" data-e-type=\"e-div-block\" data-id=\"f92a3e6\" >\n\t\t<div class=\"elementor-element elementor-element-8439cf8 e-flex e-con-boxed e-con e-parent\" data-id=\"8439cf8\" data-element_type=\"container\" data-e-type=\"container\" data-settings=\"{&quot;background_background&quot;:&quot;classic&quot;}\">\n\t\t\t\t\t<div class=\"e-con-inner\">\n\t\t\t\t<div class=\"elementor-element elementor-element-7673354 e-con e-atomic-element e-flexbox-base e-7673354-e168808\" data-id=\"7673354\" data-element_type=\"e-flexbox\" data-e-type=\"e-flexbox\" data-interaction-id=\"7673354\" data-e-type=\"e-flexbox\" data-id=\"7673354\">\n\t\t\t\t\t\t\t<h2 \n\t\tdata-interaction-id=\"d54ffc4\" \n\t\tclass=\"heading-h1 e-d54ffc4-5078f9e e-heading-base\" \n\t\t \n\t\tdata-e-type=\"widget\" data-id=\"d54ffc4\"\n\t>\n\t\n\t\t\t<strong>Checkout<\/strong>\n\t\t<\/h2>\n\t\t\t\t<\/div>\n\t\t\t\t\t\t\t<h2 \n\t\tdata-interaction-id=\"96e303d\" \n\t\tclass=\"heading-h1 e-96e303d-909bd5d e-heading-base\" \n\t\t \n\t\tdata-e-type=\"widget\" data-id=\"96e303d\"\n\t>\n\t\n\t\t\tSicher &amp; transparent bestellen\n\t\t<\/h2>\n\t\t<div class=\"elementor-element elementor-element-03e7a62 e-con-full e-flex e-con e-child\" data-id=\"03e7a62\" data-element_type=\"container\" data-e-type=\"container\">\n\t\t\t\t<div class=\"elementor-element elementor-element-5024ac7 elementor-align-start elementor-icon-list--layout-traditional elementor-list-item-link-full_width elementor-widget elementor-widget-icon-list\" data-id=\"5024ac7\" data-element_type=\"widget\" data-e-type=\"widget\" data-widget_type=\"icon-list.default\">\n\t\t\t\t\t\t\t<ul class=\"elementor-icon-list-items\">\n\t\t\t\t\t\t\t<li class=\"elementor-icon-list-item\">\n\t\t\t\t\t\t\t\t\t\t\t<span class=\"elementor-icon-list-icon\">\n\t\t\t\t\t\t\t<svg aria-hidden=\"true\" class=\"e-font-icon-svg e-fas-check\" viewBox=\"0 0 512 512\" xmlns=\"http:\/\/www.w3.org\/2000\/svg\"><path d=\"M173.898 439.404l-166.4-166.4c-9.997-9.997-9.997-26.206 0-36.204l36.203-36.204c9.997-9.998 26.207-9.998 36.204 0L192 312.69 432.095 72.596c9.997-9.997 26.207-9.997 36.204 0l36.203 36.204c9.997 9.997 9.997 26.206 0 36.204l-294.4 294.401c-9.998 9.997-26.207 9.997-36.204-.001z\"><\/path><\/svg>\t\t\t\t\t\t<\/span>\n\t\t\t\t\t\t\t\t\t\t<span class=\"elementor-icon-list-text\"> Sofortige Teilnahme nach Zahlungseingang<\/span>\n\t\t\t\t\t\t\t\t\t<\/li>\n\t\t\t\t\t\t\t\t<li class=\"elementor-icon-list-item\">\n\t\t\t\t\t\t\t\t\t\t\t<span class=\"elementor-icon-list-icon\">\n\t\t\t\t\t\t\t<svg aria-hidden=\"true\" class=\"e-font-icon-svg e-fas-check\" viewBox=\"0 0 512 512\" xmlns=\"http:\/\/www.w3.org\/2000\/svg\"><path d=\"M173.898 439.404l-166.4-166.4c-9.997-9.997-9.997-26.206 0-36.204l36.203-36.204c9.997-9.998 26.207-9.998 36.204 0L192 312.69 432.095 72.596c9.997-9.997 26.207-9.997 36.204 0l36.203 36.204c9.997 9.997 9.997 26.206 0 36.204l-294.4 294.401c-9.998 9.997-26.207 9.997-36.204-.001z\"><\/path><\/svg>\t\t\t\t\t\t<\/span>\n\t\t\t\t\t\t\t\t\t\t<span class=\"elementor-icon-list-text\">Kein Abo, keine versteckten Kosten <\/span>\n\t\t\t\t\t\t\t\t\t<\/li>\n\t\t\t\t\t\t\t\t<li class=\"elementor-icon-list-item\">\n\t\t\t\t\t\t\t\t\t\t\t<span class=\"elementor-icon-list-icon\">\n\t\t\t\t\t\t\t<svg aria-hidden=\"true\" class=\"e-font-icon-svg e-fas-check\" viewBox=\"0 0 512 512\" xmlns=\"http:\/\/www.w3.org\/2000\/svg\"><path d=\"M173.898 439.404l-166.4-166.4c-9.997-9.997-9.997-26.206 0-36.204l36.203-36.204c9.997-9.998 26.207-9.998 36.204 0L192 312.69 432.095 72.596c9.997-9.997 26.207-9.997 36.204 0l36.203 36.204c9.997 9.997 9.997 26.206 0 36.204l-294.4 294.401c-9.998 9.997-26.207 9.997-36.204-.001z\"><\/path><\/svg>\t\t\t\t\t\t<\/span>\n\t\t\t\t\t\t\t\t\t\t<span class=\"elementor-icon-list-text\">Live &amp; transparente Auslosung <\/span>\n\t\t\t\t\t\t\t\t\t<\/li>\n\t\t\t\t\t\t\t\t<li class=\"elementor-icon-list-item\">\n\t\t\t\t\t\t\t\t\t\t\t<span class=\"elementor-icon-list-icon\">\n\t\t\t\t\t\t\t<svg aria-hidden=\"true\" class=\"e-font-icon-svg e-fas-check\" viewBox=\"0 0 512 512\" xmlns=\"http:\/\/www.w3.org\/2000\/svg\"><path d=\"M173.898 439.404l-166.4-166.4c-9.997-9.997-9.997-26.206 0-36.204l36.203-36.204c9.997-9.998 26.207-9.998 36.204 0L192 312.69 432.095 72.596c9.997-9.997 26.207-9.997 36.204 0l36.203 36.204c9.997 9.997 9.997 26.206 0 36.204l-294.4 294.401c-9.998 9.997-26.207 9.997-36.204-.001z\"><\/path><\/svg>\t\t\t\t\t\t<\/span>\n\t\t\t\t\t\t\t\t\t\t<span class=\"elementor-icon-list-text\">Fahrzeug bereits vorhanden und vor Ort einsehbar<\/span>\n\t\t\t\t\t\t\t\t\t<\/li>\n\t\t\t\t\t\t\t\t<li class=\"elementor-icon-list-item\">\n\t\t\t\t\t\t\t\t\t\t\t<span class=\"elementor-icon-list-icon\">\n\t\t\t\t\t\t\t<svg aria-hidden=\"true\" class=\"e-font-icon-svg e-fas-check\" viewBox=\"0 0 512 512\" xmlns=\"http:\/\/www.w3.org\/2000\/svg\"><path d=\"M173.898 439.404l-166.4-166.4c-9.997-9.997-9.997-26.206 0-36.204l36.203-36.204c9.997-9.998 26.207-9.998 36.204 0L192 312.69 432.095 72.596c9.997-9.997 26.207-9.997 36.204 0l36.203 36.204c9.997 9.997 9.997 26.206 0 36.204l-294.4 294.401c-9.998 9.997-26.207 9.997-36.204-.001z\"><\/path><\/svg>\t\t\t\t\t\t<\/span>\n\t\t\t\t\t\t\t\t\t\t<span class=\"elementor-icon-list-text\">Kostenloser Versand innerhalb Deutschlands <\/span>\n\t\t\t\t\t\t\t\t\t<\/li>\n\t\t\t\t\t\t<\/ul>\n\t\t\t\t\t\t<\/div>\n\t\t\t\t<\/div>\n\t\t\t\t\t<\/div>\n\t\t\t\t<\/div>\n\t\t\t\t<div class=\"elementor-element elementor-element-511b981 elementor-widget elementor-widget-image\" data-id=\"511b981\" data-element_type=\"widget\" data-e-type=\"widget\" data-widget_type=\"image.default\">\n\t\t\t\t\t\t\t\t\t\t\t\t\t\t\t<img fetchpriority=\"high\" decoding=\"async\" width=\"800\" height=\"600\" src=\"https:\/\/auto-verkaufen-einfach.de\/shop\/wp-content\/uploads\/2026\/04\/Done-12-1024x768.jpeg\" class=\"attachment-large size-large wp-image-789\" alt=\"\" srcset=\"https:\/\/auto-verkaufen-einfach.de\/shop\/wp-content\/uploads\/2026\/04\/Done-12-1024x768.jpeg 1024w, https:\/\/auto-verkaufen-einfach.de\/shop\/wp-content\/uploads\/2026\/04\/Done-12-300x225.jpeg 300w, https:\/\/auto-verkaufen-einfach.de\/shop\/wp-content\/uploads\/2026\/04\/Done-12-768x576.jpeg 768w, https:\/\/auto-verkaufen-einfach.de\/shop\/wp-content\/uploads\/2026\/04\/Done-12-1536x1152.jpeg 1536w, https:\/\/auto-verkaufen-einfach.de\/shop\/wp-content\/uploads\/2026\/04\/Done-12-600x450.jpeg 600w, https:\/\/auto-verkaufen-einfach.de\/shop\/wp-content\/uploads\/2026\/04\/Done-12.jpeg 2048w\" sizes=\"(max-width: 800px) 100vw, 800px\" \/>\t\t\t\t\t\t\t\t\t\t\t\t\t\t\t<\/div>\n\t\t\t\t<\/div>\n\t\t\t\t<div class=\"elementor-element elementor-element-84fdee8 e-con e-atomic-element e-div-block-base DUP_main-container e-84fdee8-56f1543\" data-id=\"84fdee8\" data-element_type=\"e-div-block\" data-e-type=\"e-div-block\" data-interaction-id=\"84fdee8\" data-e-type=\"e-div-block\" data-id=\"84fdee8\">\n\t\t<div class=\"elementor-element elementor-element-1a3c9f5b e-con-full e-flex e-con e-child\" data-id=\"1a3c9f5b\" data-element_type=\"container\" data-e-type=\"container\">\n\t\t\t\t<div class=\"elementor-element elementor-element-17a99895 elementor-widget elementor-widget-text-editor\" data-id=\"17a99895\" data-element_type=\"widget\" data-e-type=\"widget\" data-widget_type=\"text-editor.default\">\n\t\t\t\t\t\t\t\t\t\n<div data-block-name=\"woocommerce\/checkout\" class=\"wp-block-woocommerce-checkout wc-gzd-checkout wc-gzd-checkout-has-custom-submit alignwide wc-block-checkout is-loading\">\n<div data-block-name=\"woocommerce\/checkout-fields-block\" class=\"wp-block-woocommerce-checkout-fields-block\">\n<div data-block-name=\"woocommerce\/checkout-express-payment-block\" class=\"wp-block-woocommerce-checkout-express-payment-block\">\u00a0<\/div>\n\n<div data-block-name=\"woocommerce\/checkout-contact-information-block\" class=\"wp-block-woocommerce-checkout-contact-information-block\">\n<p>\u00a0<\/p>\n<\/div>\n\n<div data-block-name=\"woocommerce\/checkout-shipping-method-block\" class=\"wp-block-woocommerce-checkout-shipping-method-block\">\u00a0<\/div>\n\n<div data-block-name=\"woocommerce\/checkout-pickup-options-block\" class=\"wp-block-woocommerce-checkout-pickup-options-block\">\u00a0<\/div>\n\n<div data-block-name=\"woocommerce\/checkout-shipping-address-block\" class=\"wp-block-woocommerce-checkout-shipping-address-block\">\u00a0<\/div>\n\n<div data-block-name=\"woocommerce\/checkout-billing-address-block\" class=\"wp-block-woocommerce-checkout-billing-address-block\">\u00a0<\/div>\n\n<div data-block-name=\"woocommerce\/checkout-shipping-methods-block\" class=\"wp-block-woocommerce-checkout-shipping-methods-block\">\u00a0<\/div>\n\n<div data-block-name=\"woocommerce\/checkout-additional-information-block\" class=\"wp-block-woocommerce-checkout-additional-information-block\">\u00a0<\/div>\n\n<div data-block-name=\"woocommerce\/checkout-order-note-block\" class=\"wp-block-woocommerce-checkout-order-note-block\">\u00a0<\/div>\n\n<div data-block-name=\"woocommerce-germanized\/checkout-checkboxes\" class=\"wp-block-woocommerce-germanized-checkout-checkboxes\">\u00a0<\/div>\n\n<div data-block-name=\"woocommerce\/checkout-actions-block\" class=\"wp-block-woocommerce-checkout-actions-block\">\u00a0<\/div>\n<\/div>\n\n<div data-block-name=\"woocommerce\/checkout-totals-block\" class=\"wp-block-woocommerce-checkout-totals-block\">\n<div data-block-name=\"woocommerce\/checkout-order-summary-block\" class=\"wp-block-woocommerce-checkout-order-summary-block\">\n<div data-block-name=\"woocommerce\/checkout-order-summary-cart-items-block\" class=\"wp-block-woocommerce-checkout-order-summary-cart-items-block\">\u00a0<\/div>\n\n<div data-block-name=\"woocommerce\/checkout-order-summary-coupon-form-block\" class=\"wp-block-woocommerce-checkout-order-summary-coupon-form-block\">\u00a0<\/div>\n\n<div data-block-name=\"woocommerce\/checkout-order-summary-totals-block\" class=\"wp-block-woocommerce-checkout-order-summary-totals-block\">\n<div data-block-name=\"woocommerce\/checkout-order-summary-subtotal-block\" class=\"wp-block-woocommerce-checkout-order-summary-subtotal-block\">\u00a0<\/div>\n\n<div data-block-name=\"woocommerce\/checkout-order-summary-fee-block\" class=\"wp-block-woocommerce-checkout-order-summary-fee-block\">\u00a0<\/div>\n\n<div data-block-name=\"woocommerce\/checkout-order-summary-discount-block\" class=\"wp-block-woocommerce-checkout-order-summary-discount-block\">\u00a0<\/div>\n\n<div data-block-name=\"woocommerce\/checkout-order-summary-shipping-block\" class=\"wp-block-woocommerce-checkout-order-summary-shipping-block\">\u00a0<\/div>\n\n<div data-block-name=\"woocommerce\/checkout-order-summary-taxes-block\" class=\"wp-block-woocommerce-checkout-order-summary-taxes-block\">\u00a0<\/div>\n<\/div>\n<\/div>\n<div class=\"wc-gzd-checkout-submit\"><div data-block-name=\"woocommerce\/checkout-order-summary-block\" class=\"wp-block-woocommerce-checkout-order-summary-block\"><\/div><div data-block-name=\"woocommerce\/checkout-actions-block\" class=\"wp-block-woocommerce-checkout-actions-block\"><\/div><\/div><\/div><\/div>\t\t\t\t\t\t\t\t<\/div>\n\t\t\t\t<\/div>\n\t\t\t\t<\/div>\n\t\t\t\t<div class=\"elementor-element elementor-element-2215802 e-con e-atomic-element e-div-block-base DUP_main-container e-2215802-a96c89a\" data-id=\"2215802\" data-element_type=\"e-div-block\" data-e-type=\"e-div-block\" data-interaction-id=\"2215802\" data-e-type=\"e-div-block\" data-id=\"2215802\">\n\t\t\t\t\t\t\t<h2 \n\t\tdata-interaction-id=\"140ff85\" \n\t\tclass=\"heading-h1 e-140ff85-dce1df3 e-heading-base\" \n\t\t \n\t\tdata-e-type=\"widget\" data-id=\"140ff85\"\n\t>\n\t\n\t\t\tHinweise zur Bestellung und Teilnahme\n\t\t<\/h2>\n\t\t<div class=\"elementor-element elementor-element-ed150e2 e-con-full e-flex e-con e-child\" data-id=\"ed150e2\" data-element_type=\"container\" data-e-type=\"container\">\n\t\t\t\t<div class=\"elementor-element elementor-element-b678f39 elementor-widget elementor-widget-n-accordion\" data-id=\"b678f39\" data-element_type=\"widget\" data-e-type=\"widget\" data-settings=\"{&quot;default_state&quot;:&quot;all_collapsed&quot;,&quot;max_items_expended&quot;:&quot;one&quot;,&quot;n_accordion_animation_duration&quot;:{&quot;unit&quot;:&quot;ms&quot;,&quot;size&quot;:400,&quot;sizes&quot;:[]}}\" data-widget_type=\"nested-accordion.default\">\n\t\t\t\t\t\t\t<div class=\"e-n-accordion\" aria-label=\"Accordion. Open links with Enter or Space, close with Escape, and navigate with Arrow Keys\">\n\t\t\t\t\t\t<details id=\"e-n-accordion-item-1910\" class=\"e-n-accordion-item\" >\n\t\t\t\t<summary class=\"e-n-accordion-item-title\" data-accordion-index=\"1\" tabindex=\"0\" aria-expanded=\"false\" aria-controls=\"e-n-accordion-item-1910\" >\n\t\t\t\t\t<span class='e-n-accordion-item-title-header'><div class=\"e-n-accordion-item-title-text\"> Hinweise zur Bestellung und Teilnahme: <\/div><\/span>\n\t\t\t\t\t\t\t<span class='e-n-accordion-item-title-icon'>\n\t\t\t<span class='e-opened' ><svg aria-hidden=\"true\" class=\"e-font-icon-svg e-fas-minus\" viewBox=\"0 0 448 512\" xmlns=\"http:\/\/www.w3.org\/2000\/svg\"><path d=\"M416 208H32c-17.67 0-32 14.33-32 32v32c0 17.67 14.33 32 32 32h384c17.67 0 32-14.33 32-32v-32c0-17.67-14.33-32-32-32z\"><\/path><\/svg><\/span>\n\t\t\t<span class='e-closed'><svg aria-hidden=\"true\" class=\"e-font-icon-svg e-fas-plus\" viewBox=\"0 0 448 512\" xmlns=\"http:\/\/www.w3.org\/2000\/svg\"><path d=\"M416 208H272V64c0-17.67-14.33-32-32-32h-32c-17.67 0-32 14.33-32 32v144H32c-17.67 0-32 14.33-32 32v32c0 17.67 14.33 32 32 32h144v144c0 17.67 14.33 32 32 32h32c17.67 0 32-14.33 32-32V304h144c17.67 0 32-14.33 32-32v-32c0-17.67-14.33-32-32-32z\"><\/path><\/svg><\/span>\n\t\t<\/span>\n\n\t\t\t\t\t\t<\/summary>\n\t\t\t\t<div role=\"region\" aria-labelledby=\"e-n-accordion-item-1910\" class=\"elementor-element elementor-element-8aa65bc e-con-full e-flex e-con e-child\" data-id=\"8aa65bc\" data-element_type=\"container\" data-e-type=\"container\">\n\t\t<div role=\"region\" aria-labelledby=\"e-n-accordion-item-1910\" class=\"elementor-element elementor-element-1984f17 e-flex e-con-boxed e-con e-child\" data-id=\"1984f17\" data-element_type=\"container\" data-e-type=\"container\">\n\t\t\t\t\t<div class=\"e-con-inner\">\n\t\t\t\t<div class=\"elementor-element elementor-element-01430ed elementor-widget elementor-widget-text-editor\" data-id=\"01430ed\" data-element_type=\"widget\" data-e-type=\"widget\" data-widget_type=\"text-editor.default\">\n\t\t\t\t\t\t\t\t\t<p>Mehrfachbestellungen sind m\u00f6glich und erh\u00f6hen entsprechend deine Gewinnchance.<br \/>Bei mehreren gekauften Produkten wird deine Teilnahme mehrfach im Auslosungssystem<br \/>ber\u00fccksichtigt.<\/p>\t\t\t\t\t\t\t\t<\/div>\n\t\t\t\t\t<\/div>\n\t\t\t\t<\/div>\n\t\t\t\t<\/div>\n\t\t\t\t\t<\/details>\n\t\t\t\t\t\t<details id=\"e-n-accordion-item-1911\" class=\"e-n-accordion-item\" >\n\t\t\t\t<summary class=\"e-n-accordion-item-title\" data-accordion-index=\"2\" tabindex=\"-1\" aria-expanded=\"false\" aria-controls=\"e-n-accordion-item-1911\" >\n\t\t\t\t\t<span class='e-n-accordion-item-title-header'><div class=\"e-n-accordion-item-title-text\"> Lieferhinweis: <\/div><\/span>\n\t\t\t\t\t\t\t<span class='e-n-accordion-item-title-icon'>\n\t\t\t<span class='e-opened' ><svg aria-hidden=\"true\" class=\"e-font-icon-svg e-fas-minus\" viewBox=\"0 0 448 512\" xmlns=\"http:\/\/www.w3.org\/2000\/svg\"><path d=\"M416 208H32c-17.67 0-32 14.33-32 32v32c0 17.67 14.33 32 32 32h384c17.67 0 32-14.33 32-32v-32c0-17.67-14.33-32-32-32z\"><\/path><\/svg><\/span>\n\t\t\t<span class='e-closed'><svg aria-hidden=\"true\" class=\"e-font-icon-svg e-fas-plus\" viewBox=\"0 0 448 512\" xmlns=\"http:\/\/www.w3.org\/2000\/svg\"><path d=\"M416 208H272V64c0-17.67-14.33-32-32-32h-32c-17.67 0-32 14.33-32 32v144H32c-17.67 0-32 14.33-32 32v32c0 17.67 14.33 32 32 32h144v144c0 17.67 14.33 32 32 32h32c17.67 0 32-14.33 32-32V304h144c17.67 0 32-14.33 32-32v-32c0-17.67-14.33-32-32-32z\"><\/path><\/svg><\/span>\n\t\t<\/span>\n\n\t\t\t\t\t\t<\/summary>\n\t\t\t\t<div role=\"region\" aria-labelledby=\"e-n-accordion-item-1911\" class=\"elementor-element elementor-element-daecfa1 e-con-full e-flex e-con e-child\" data-id=\"daecfa1\" data-element_type=\"container\" data-e-type=\"container\">\n\t\t<div role=\"region\" aria-labelledby=\"e-n-accordion-item-1911\" class=\"elementor-element elementor-element-2c990a5 e-flex e-con-boxed e-con e-child\" data-id=\"2c990a5\" data-element_type=\"container\" data-e-type=\"container\">\n\t\t\t\t\t<div class=\"e-con-inner\">\n\t\t\t\t<div class=\"elementor-element elementor-element-77f64b4 elementor-widget elementor-widget-text-editor\" data-id=\"77f64b4\" data-element_type=\"widget\" data-e-type=\"widget\" data-widget_type=\"text-editor.default\">\n\t\t\t\t\t\t\t\t\t<p>Das Produkt ist vorr\u00e4tig und wird nach Zahlungseingang innerhalb der angegebenen Lieferzeit<br \/>versendet. Die Teilnahme am Gewinnspiel ist unmittelbar nach erfolgreichem Kauf g\u00fcltig. <\/p>\t\t\t\t\t\t\t\t<\/div>\n\t\t\t\t\t<\/div>\n\t\t\t\t<\/div>\n\t\t\t\t<\/div>\n\t\t\t\t\t<\/details>\n\t\t\t\t\t\t<details id=\"e-n-accordion-item-1912\" class=\"e-n-accordion-item\" >\n\t\t\t\t<summary class=\"e-n-accordion-item-title\" data-accordion-index=\"3\" tabindex=\"-1\" aria-expanded=\"false\" aria-controls=\"e-n-accordion-item-1912\" >\n\t\t\t\t\t<span class='e-n-accordion-item-title-header'><div class=\"e-n-accordion-item-title-text\"> Hinweis zum Gewinn: <\/div><\/span>\n\t\t\t\t\t\t\t<span class='e-n-accordion-item-title-icon'>\n\t\t\t<span class='e-opened' ><svg aria-hidden=\"true\" class=\"e-font-icon-svg e-fas-minus\" viewBox=\"0 0 448 512\" xmlns=\"http:\/\/www.w3.org\/2000\/svg\"><path d=\"M416 208H32c-17.67 0-32 14.33-32 32v32c0 17.67 14.33 32 32 32h384c17.67 0 32-14.33 32-32v-32c0-17.67-14.33-32-32-32z\"><\/path><\/svg><\/span>\n\t\t\t<span class='e-closed'><svg aria-hidden=\"true\" class=\"e-font-icon-svg e-fas-plus\" viewBox=\"0 0 448 512\" xmlns=\"http:\/\/www.w3.org\/2000\/svg\"><path d=\"M416 208H272V64c0-17.67-14.33-32-32-32h-32c-17.67 0-32 14.33-32 32v144H32c-17.67 0-32 14.33-32 32v32c0 17.67 14.33 32 32 32h144v144c0 17.67 14.33 32 32 32h32c17.67 0 32-14.33 32-32V304h144c17.67 0 32-14.33 32-32v-32c0-17.67-14.33-32-32-32z\"><\/path><\/svg><\/span>\n\t\t<\/span>\n\n\t\t\t\t\t\t<\/summary>\n\t\t\t\t<div role=\"region\" aria-labelledby=\"e-n-accordion-item-1912\" class=\"elementor-element elementor-element-ffdade9 e-con-full e-flex e-con e-child\" data-id=\"ffdade9\" data-element_type=\"container\" data-e-type=\"container\">\n\t\t<div role=\"region\" aria-labelledby=\"e-n-accordion-item-1912\" class=\"elementor-element elementor-element-e37a654 e-flex e-con-boxed e-con e-child\" data-id=\"e37a654\" data-element_type=\"container\" data-e-type=\"container\">\n\t\t\t\t\t<div class=\"e-con-inner\">\n\t\t\t\t<div class=\"elementor-element elementor-element-22d3147 elementor-widget elementor-widget-text-editor\" data-id=\"22d3147\" data-element_type=\"widget\" data-e-type=\"widget\" data-widget_type=\"text-editor.default\">\n\t\t\t\t\t\t\t\t\t<p>Im Falle eines Fahrzeuggewinns erfolgt die \u00dcbergabe pers\u00f6nlich bei uns vor Ort.<br \/>Der Gewinner ist f\u00fcr die Abholung des Fahrzeugs selbst verantwortlich.<br \/>Das Fahrzeug wird nicht zugelassen \u00fcbergeben.<\/p>\t\t\t\t\t\t\t\t<\/div>\n\t\t\t\t\t<\/div>\n\t\t\t\t<\/div>\n\t\t\t\t<\/div>\n\t\t\t\t\t<\/details>\n\t\t\t\t\t\t<details id=\"e-n-accordion-item-1913\" class=\"e-n-accordion-item\" >\n\t\t\t\t<summary class=\"e-n-accordion-item-title\" data-accordion-index=\"4\" tabindex=\"-1\" aria-expanded=\"false\" aria-controls=\"e-n-accordion-item-1913\" >\n\t\t\t\t\t<span class='e-n-accordion-item-title-header'><div class=\"e-n-accordion-item-title-text\"> Limitierung: <\/div><\/span>\n\t\t\t\t\t\t\t<span class='e-n-accordion-item-title-icon'>\n\t\t\t<span class='e-opened' ><svg aria-hidden=\"true\" class=\"e-font-icon-svg e-fas-minus\" viewBox=\"0 0 448 512\" xmlns=\"http:\/\/www.w3.org\/2000\/svg\"><path d=\"M416 208H32c-17.67 0-32 14.33-32 32v32c0 17.67 14.33 32 32 32h384c17.67 0 32-14.33 32-32v-32c0-17.67-14.33-32-32-32z\"><\/path><\/svg><\/span>\n\t\t\t<span class='e-closed'><svg aria-hidden=\"true\" class=\"e-font-icon-svg e-fas-plus\" viewBox=\"0 0 448 512\" xmlns=\"http:\/\/www.w3.org\/2000\/svg\"><path d=\"M416 208H272V64c0-17.67-14.33-32-32-32h-32c-17.67 0-32 14.33-32 32v144H32c-17.67 0-32 14.33-32 32v32c0 17.67 14.33 32 32 32h144v144c0 17.67 14.33 32 32 32h32c17.67 0 32-14.33 32-32V304h144c17.67 0 32-14.33 32-32v-32c0-17.67-14.33-32-32-32z\"><\/path><\/svg><\/span>\n\t\t<\/span>\n\n\t\t\t\t\t\t<\/summary>\n\t\t\t\t<div role=\"region\" aria-labelledby=\"e-n-accordion-item-1913\" class=\"elementor-element elementor-element-27ceb6a e-con-full e-flex e-con e-child\" data-id=\"27ceb6a\" data-element_type=\"container\" data-e-type=\"container\">\n\t\t<div role=\"region\" aria-labelledby=\"e-n-accordion-item-1913\" class=\"elementor-element elementor-element-77be0d1 e-flex e-con-boxed e-con e-child\" data-id=\"77be0d1\" data-element_type=\"container\" data-e-type=\"container\">\n\t\t\t\t\t<div class=\"e-con-inner\">\n\t\t\t\t<div class=\"elementor-element elementor-element-3ebc326 elementor-widget elementor-widget-text-editor\" data-id=\"3ebc326\" data-element_type=\"widget\" data-e-type=\"widget\" data-widget_type=\"text-editor.default\">\n\t\t\t\t\t\t\t\t\t<p>Das angebotene Produkt ist streng limitiert und nur in begrenzter St\u00fcckzahl verf\u00fcgbar. <\/p>\t\t\t\t\t\t\t\t<\/div>\n\t\t\t\t\t<\/div>\n\t\t\t\t<\/div>\n\t\t\t\t<\/div>\n\t\t\t\t\t<\/details>\n\t\t\t\t\t\t<details id=\"e-n-accordion-item-1914\" class=\"e-n-accordion-item\" >\n\t\t\t\t<summary class=\"e-n-accordion-item-title\" data-accordion-index=\"5\" tabindex=\"-1\" aria-expanded=\"false\" aria-controls=\"e-n-accordion-item-1914\" >\n\t\t\t\t\t<span class='e-n-accordion-item-title-header'><div class=\"e-n-accordion-item-title-text\"> Wichtiger Hinweis: <\/div><\/span>\n\t\t\t\t\t\t\t<span class='e-n-accordion-item-title-icon'>\n\t\t\t<span class='e-opened' ><svg aria-hidden=\"true\" class=\"e-font-icon-svg e-fas-minus\" viewBox=\"0 0 448 512\" xmlns=\"http:\/\/www.w3.org\/2000\/svg\"><path d=\"M416 208H32c-17.67 0-32 14.33-32 32v32c0 17.67 14.33 32 32 32h384c17.67 0 32-14.33 32-32v-32c0-17.67-14.33-32-32-32z\"><\/path><\/svg><\/span>\n\t\t\t<span class='e-closed'><svg aria-hidden=\"true\" class=\"e-font-icon-svg e-fas-plus\" viewBox=\"0 0 448 512\" xmlns=\"http:\/\/www.w3.org\/2000\/svg\"><path d=\"M416 208H272V64c0-17.67-14.33-32-32-32h-32c-17.67 0-32 14.33-32 32v144H32c-17.67 0-32 14.33-32 32v32c0 17.67 14.33 32 32 32h144v144c0 17.67 14.33 32 32 32h32c17.67 0 32-14.33 32-32V304h144c17.67 0 32-14.33 32-32v-32c0-17.67-14.33-32-32-32z\"><\/path><\/svg><\/span>\n\t\t<\/span>\n\n\t\t\t\t\t\t<\/summary>\n\t\t\t\t<div role=\"region\" aria-labelledby=\"e-n-accordion-item-1914\" class=\"elementor-element elementor-element-1fed185 e-con-full e-flex e-con e-child\" data-id=\"1fed185\" data-element_type=\"container\" data-e-type=\"container\">\n\t\t<div role=\"region\" aria-labelledby=\"e-n-accordion-item-1914\" class=\"elementor-element elementor-element-e5faaff e-flex e-con-boxed e-con e-child\" data-id=\"e5faaff\" data-element_type=\"container\" data-e-type=\"container\">\n\t\t\t\t\t<div class=\"e-con-inner\">\n\t\t\t\t<div class=\"elementor-element elementor-element-c251760 elementor-widget elementor-widget-text-editor\" data-id=\"c251760\" data-element_type=\"widget\" data-e-type=\"widget\" data-widget_type=\"text-editor.default\">\n\t\t\t\t\t\t\t\t\t<p>Ein m\u00f6glicher Gewinn kann nicht in bar ausgezahlt oder \u00fcbertragen werden.<br \/>Die Teilnahme ist personenbezogen und nicht \u00fcbertragbar.<\/p>\t\t\t\t\t\t\t\t<\/div>\n\t\t\t\t\t<\/div>\n\t\t\t\t<\/div>\n\t\t\t\t<\/div>\n\t\t\t\t\t<\/details>\n\t\t\t\t\t<\/div>\n\t\t\t\t\t\t<\/div>\n\t\t\t\t<\/div>\n\t\t\t\t\t\t\t<h2 \n\t\tdata-interaction-id=\"f63dd53\" \n\t\tclass=\"heading-h1 e-f63dd53-516a05b e-heading-base\" \n\t\t \n\t\tdata-e-type=\"widget\" data-id=\"f63dd53\"\n\t>\n\t\n\t\t\tWarum wir nur \u00dcberweisung anbieten?\n\t\t<\/h2>\n\t\t\t\t<div class=\"elementor-element elementor-element-1e16199 elementor-widget elementor-widget-text-editor\" data-id=\"1e16199\" data-element_type=\"widget\" data-e-type=\"widget\" data-widget_type=\"text-editor.default\">\n\t\t\t\t\t\t\t\t\t<p>Bei der Nutzung externer Zahlungsanbieter entstehen zus\u00e4tzliche Geb\u00fchren,<br \/>R\u00fcckbuchungsm\u00f6glichkeiten und Einschr\u00e4nkungen, die sich auf die faire Durchf\u00fchrung des<br \/>Gewinnspiels auswirken k\u00f6nnen.<br \/>Um sicherzustellen, dass jede Bestellung eindeutig zugeordnet wird und alle Teilnehmer unter<br \/>gleichen Bedingungen teilnehmen, erfolgt die Zahlung bewusst per Bank\u00fcberweisung.<br \/>So gew\u00e4hrleisten wir maximale Transparenz und Fairness f\u00fcr alle Teilnehmer.<\/p>\t\t\t\t\t\t\t\t<\/div>\n\t\t\t\t<\/div>\n\t\t\t\t<\/div>\n\t\t","protected":false},"excerpt":{"rendered":"<p>Checkout Sicher &amp; transparent bestellen Sofortige Teilnahme nach Zahlungseingang Kein Abo, keine versteckten Kosten Live &amp; transparente Auslosung Fahrzeug bereits vorhanden und vor Ort einsehbar Kostenloser Versand innerhalb Deutschlands Hinweise zur Bestellung und Teilnahme Hinweise zur Bestellung und Teilnahme: Mehrfachbestellungen sind m\u00f6glich und erh\u00f6hen entsprechend deine Gewinnchance.Bei mehreren gekauften Produkten wird deine Teilnahme mehrfach im [&hellip;]<\/p>\n","protected":false},"author":1,"featured_media":0,"parent":0,"menu_order":0,"comment_status":"closed","ping_status":"closed","template":"","meta":{"footnotes":""},"class_list":["post-13","page","type-page","status-publish","hentry"],"_links":{"self":[{"href":"https:\/\/auto-verkaufen-einfach.de\/shop\/wp-json\/wp\/v2\/pages\/13","targetHints":{"allow":["GET"]}}],"collection":[{"href":"https:\/\/auto-verkaufen-einfach.de\/shop\/wp-json\/wp\/v2\/pages"}],"about":[{"href":"https:\/\/auto-verkaufen-einfach.de\/shop\/wp-json\/wp\/v2\/types\/page"}],"author":[{"embeddable":true,"href":"https:\/\/auto-verkaufen-einfach.de\/shop\/wp-json\/wp\/v2\/users\/1"}],"replies":[{"embeddable":true,"href":"https:\/\/auto-verkaufen-einfach.de\/shop\/wp-json\/wp\/v2\/comments?post=13"}],"version-history":[{"count":12,"href":"https:\/\/auto-verkaufen-einfach.de\/shop\/wp-json\/wp\/v2\/pages\/13\/revisions"}],"predecessor-version":[{"id":1575,"href":"https:\/\/auto-verkaufen-einfach.de\/shop\/wp-json\/wp\/v2\/pages\/13\/revisions\/1575"}],"wp:attachment":[{"href":"https:\/\/auto-verkaufen-einfach.de\/shop\/wp-json\/wp\/v2\/media?parent=13"}],"curies":[{"name":"wp","href":"https:\/\/api.w.org\/{rel}","templated":true}]}}